{"id":291,"date":"2024-04-22T14:36:15","date_gmt":"2024-04-22T12:36:15","guid":{"rendered":"https:\/\/websites.fraunhofer.de\/mohafe\/?page_id=291"},"modified":"2024-04-22T14:36:15","modified_gmt":"2024-04-22T12:36:15","slug":"impressum","status":"publish","type":"page","link":"https:\/\/www.mohafe.de\/?page_id=291","title":{"rendered":"Impressum"},"content":{"rendered":"\n<p>Fraunhofer-Gesellschaft&nbsp;zur F\u00f6rderung der angewandten Forschung e.V.<br>Hansastra\u00dfe 27c,&nbsp;80686 M\u00fcnchen<br>Telefon +49 89 1205- 0<br>Fax +49 89 1205-7531<br>E-Mail: info(at)zv.fraunhofer.de<\/p>\n\n\n\n<p><a href=\"https:\/\/www.fraunhofer.de\/\">www.fraunhofer.de<\/a><\/p>\n\n\n\n<h4 class=\"wp-block-heading\">Umsatzsteuer-Identifikationsnummer gem\u00e4\u00df \u00a7 27a Umsatzsteuergesetz<\/h4>\n\n\n\n<p>DE 129515865<\/p>\n\n\n\n<h4 class=\"wp-block-heading\">Registergericht<\/h4>\n\n\n\n<p>Amtsgericht M\u00fcnchen<br>Eingetragener Verein<br>Register-Nr. VR 4461<\/p>\n\n\n\n<h4 class=\"wp-block-heading\">Redaktionsverantwortlich im Sinne des Presserechts<\/h4>\n\n\n\n<p>Fraunhofer-Gesellschaft e.V.<br>Hansastra\u00dfe 27c, 80686 M\u00fcnchen<br>Kontakt Online-Redaktion&nbsp;<a href=\"mailto:online-redaktion@zv.fraunhofer.de\" rel=\"noreferrer noopener\" target=\"_blank\">E-Mail senden<\/a><\/p>\n\n\n\n<h4 class=\"wp-block-heading\">Vorstand<\/h4>\n\n\n\n<p><strong>Prof. Dr.-Ing. Holger Hanselka<\/strong>&nbsp;| Pr\u00e4sident<br><strong>Prof. Dr. Axel M\u00fcller-Groeling<\/strong>&nbsp;| Mitglied des Vorstands<br><strong>Ass. jur. Elisabeth Ewen<\/strong>&nbsp;| Mitglied des Vorstands<br><strong>Dr. Sandra Krey<\/strong>&nbsp;| Mitglied des Vorstands<\/p>\n\n\n\n<h4 class=\"wp-block-heading\">Nutzungsrechte<\/h4>\n\n\n\n<p>Copyright \u00a9 by<br>Fraunhofer-Gesellschaft<\/p>\n\n\n\n<p>Alle Rechte vorbehalten.<br>Die Urheberrechte dieser Web-Site liegen vollst\u00e4ndig bei der Fraunhofer-Gesellschaft.<\/p>\n\n\n\n<p>Ein Download oder Ausdruck dieser Ver\u00f6ffentlichungen ist ausschlie\u00dflich f\u00fcr den pers\u00f6nlichen Gebrauch gestattet. Alle dar\u00fcber hinaus gehenden Verwendungen, insbesondere die kommerzielle Nutzung und Verbreitung, sind grunds\u00e4tzlich nicht gestattet und bed\u00fcrfen der schriftlichen Genehmigung.<\/p>\n\n\n\n<p>Ein Download oder Ausdruck ist dar\u00fcber hinaus lediglich zum Zweck der Berichterstattung \u00fcber die Fraunhofer-Gesellschaft und Ihre Institute nach Ma\u00dfgabe unten stehender Nutzungsbedingungen gestattet.<\/p>\n\n\n\n<p>Grafische Ver\u00e4nderungen an Bildmotiven &#8211; au\u00dfer zum Freistellen des Hauptmotivs &#8211; sind nicht gestattet. Es ist stets die Quellenangabe und \u00dcbersendung von zwei kostenlosen Belegexemplaren an die oben genannte Adresse erforderlich. Die Verwendung ist honorarfrei.<\/p>\n\n\n\n<h4 class=\"wp-block-heading\">Haftungshinweis<\/h4>\n\n\n\n<p>Wir \u00fcbernehmen keine Haftung f\u00fcr die Inhalte externer Links. F\u00fcr den Inhalt der verlinkten Seiten sind ausschlie\u00dflich deren Betreiber verantwortlich.<\/p>\n\n\n\n<p>Wir sind bem\u00fcht, das Webangebot stets aktuell und inhaltlich richtig sowie vollst\u00e4ndig anzubieten. Dennoch ist das Auftreten von Fehlern nicht v\u00f6llig auszuschlie\u00dfen. Das Fraunhofer-Institut bzw. die Fraunhofer-Gesellschaft \u00fcbernimmt keine Haftung f\u00fcr die Aktualit\u00e4t, die inhaltliche Richtigkeit sowie f\u00fcr die Vollst\u00e4ndigkeit der in ihrem Webangebot eingestellten Informationen. Dies bezieht sich auf eventuelle Sch\u00e4den materieller oder ideeller Art Dritter, die durch die Nutzung dieses Webangebotes verursacht wurden.<\/p>\n\n\n\n<p>Gesch\u00fctzte Marken und Namen, Bilder und Texte werden auf unseren Seiten in der Regel nicht als solche kenntlich gemacht. Das Fehlen einer solchen Kennzeichnung bedeutet jedoch nicht, dass es sich um einen freien Namen, ein freies Bild oder einen freien Text im Sinne des Markenzeichenrechts handelt.<\/p>\n","protected":false},"excerpt":{"rendered":"<p>Fraunhofer-Gesellschaft&nbsp;zur F\u00f6rderung der angewandten Forschung e.V.Hansastra\u00dfe 27c,&nbsp;80686 M\u00fcnchenTelefon +49 89 1205- 0Fax +49 89 1205-7531E-Mail: info(at)zv.fraunhofer.de www.fraunhofer.de Umsatzsteuer-Identifikationsnummer gem\u00e4\u00df \u00a7 27a Umsatzsteuergesetz DE 129515865 Registergericht Amtsgericht M\u00fcnchenEingetragener VereinRegister-Nr. VR 4461 Redaktionsverantwortlich im Sinne des Presserechts Fraunhofer-Gesellschaft e.V.Hansastra\u00dfe 27c, 80686 M\u00fcnchenKontakt Online-Redaktion&nbsp;E-Mail senden Vorstand Prof. Dr.-Ing. Holger Hanselka&nbsp;| Pr\u00e4sidentProf. Dr. Axel M\u00fcller-Groeling&nbsp;| Mitglied des VorstandsAss. jur. [&hellip;]<\/p>\n","protected":false},"author":1,"featured_media":0,"parent":0,"menu_order":0,"comment_status":"closed","ping_status":"closed","template":"","meta":{"site-sidebar-layout":"default","site-content-layout":"","ast-site-content-layout":"default","site-content-style":"default","site-sidebar-style":"default","ast-global-header-display":"","ast-banner-title-visibility":"","ast-main-header-display":"","ast-hfb-above-header-display":"","ast-hfb-below-header-display":"","ast-hfb-mobile-header-display":"","site-post-title":"","ast-breadcrumbs-content":"","ast-featured-img":"","footer-sml-layout":"","ast-disable-related-posts":"","theme-transparent-header-meta":"","adv-header-id-meta":"","stick-header-meta":"","header-above-stick-meta":"","header-main-stick-meta":"","header-below-stick-meta":"","astra-migrate-meta-layouts":"default","ast-page-background-enabled":"default","ast-page-background-meta":{"desktop":{"background-color":"var(--ast-global-color-4)","background-image":"","background-repeat":"repeat","background-position":"center center","background-size":"auto","background-attachment":"scroll","background-type":"","background-media":"","overlay-type":"","overlay-color":"","overlay-opacity":"","overlay-gradient":""},"tablet":{"background-color":"","background-image":"","background-repeat":"repeat","background-position":"center center","background-size":"auto","background-attachment":"scroll","background-type":"","background-media":"","overlay-type":"","overlay-color":"","overlay-opacity":"","overlay-gradient":""},"mobile":{"background-color":"","background-image":"","background-repeat":"repeat","background-position":"center center","background-size":"auto","background-attachment":"scroll","background-type":"","background-media":"","overlay-type":"","overlay-color":"","overlay-opacity":"","overlay-gradient":""}},"ast-content-background-meta":{"desktop":{"background-color":"var(--ast-global-color-5)","background-image":"","background-repeat":"repeat","background-position":"center center","background-size":"auto","background-attachment":"scroll","background-type":"","background-media":"","overlay-type":"","overlay-color":"","overlay-opacity":"","overlay-gradient":""},"tablet":{"background-color":"var(--ast-global-color-5)","background-image":"","background-repeat":"repeat","background-position":"center center","background-size":"auto","background-attachment":"scroll","background-type":"","background-media":"","overlay-type":"","overlay-color":"","overlay-opacity":"","overlay-gradient":""},"mobile":{"background-color":"var(--ast-global-color-5)","background-image":"","background-repeat":"repeat","background-position":"center center","background-size":"auto","background-attachment":"scroll","background-type":"","background-media":"","overlay-type":"","overlay-color":"","overlay-opacity":"","overlay-gradient":""}},"footnotes":""},"class_list":["post-291","page","type-page","status-publish","hentry"],"_links":{"self":[{"href":"https:\/\/www.mohafe.de\/index.php?rest_route=\/wp\/v2\/pages\/291","targetHints":{"allow":["GET"]}}],"collection":[{"href":"https:\/\/www.mohafe.de\/index.php?rest_route=\/wp\/v2\/pages"}],"about":[{"href":"https:\/\/www.mohafe.de\/index.php?rest_route=\/wp\/v2\/types\/page"}],"author":[{"embeddable":true,"href":"https:\/\/www.mohafe.de\/index.php?rest_route=\/wp\/v2\/users\/1"}],"replies":[{"embeddable":true,"href":"https:\/\/www.mohafe.de\/index.php?rest_route=%2Fwp%2Fv2%2Fcomments&post=291"}],"version-history":[{"count":1,"href":"https:\/\/www.mohafe.de\/index.php?rest_route=\/wp\/v2\/pages\/291\/revisions"}],"predecessor-version":[{"id":292,"href":"https:\/\/www.mohafe.de\/index.php?rest_route=\/wp\/v2\/pages\/291\/revisions\/292"}],"wp:attachment":[{"href":"https:\/\/www.mohafe.de\/index.php?rest_route=%2Fwp%2Fv2%2Fmedia&parent=291"}],"curies":[{"name":"wp","href":"https:\/\/api.w.org\/{rel}","templated":true}]}}