{"id":3,"date":"2023-08-22T12:00:40","date_gmt":"2023-08-22T10:00:40","guid":{"rendered":"https:\/\/websites.fraunhofer.de\/mohafe\/?page_id=3"},"modified":"2024-04-22T14:33:30","modified_gmt":"2024-04-22T12:33:30","slug":"datenschutzerklaerung","status":"publish","type":"page","link":"https:\/\/www.mohafe.de\/?page_id=3","title":{"rendered":"Datenschutzerkl\u00e4rung"},"content":{"rendered":"\n<p>Im Rahmen der Nutzung dieser Webseite werden personenbezogene Daten von Ihnen durch uns als den f\u00fcr die Datenverarbeitung Verantwortlichen verarbeitet und f\u00fcr die Dauer gespeichert, die zur Erf\u00fcllung der festgelegten Zwecke und gesetzlicher Verpflichtungen erforderlich ist. Im Folgenden informieren wir Sie dar\u00fcber, um welche Daten es sich dabei handelt, auf welche Weise sie verarbeitet werden und welche Rechte Ihnen diesbez\u00fcglich zustehen.<\/p>\n\n\n\n<p>Personenbezogene Daten sind gem\u00e4\u00df Art. 4 Nr. 1 Datenschutzgrundverordnung (DSGVO) alle Informationen, die sich auf eine identifizierte oder identifizierbare nat\u00fcrliche Person beziehen.<\/p>\n\n\n\n<p>1 Geltungsbereich<\/p>\n\n\n\n<p>2 Name und Kontaktdaten des f\u00fcr die Verarbeitung Verantwortlichen sowie des betrieblichen Datenschutzbeauftragten<\/p>\n\n\n\n<p>3 Verarbeitung personenbezogener Daten und Zwecke der Verarbeitung<\/p>\n\n\n\n<p>4 Weitergabe von Daten<\/p>\n\n\n\n<p>5 Cookies<\/p>\n\n\n\n<p>6 YouTube<\/p>\n\n\n\n<p>7 Betroffenenrechte<\/p>\n\n\n\n<p>8 Datensicherheit<\/p>\n\n\n\n<p>9 Aktualit\u00e4t und \u00c4nderung dieser Datenschutzinformation<\/p>\n\n\n\n<h3 class=\"wp-block-heading\"><a>1 Geltungsbereich<\/a><\/h3>\n\n\n\n<p>Diese Datenschutzinformation gilt f\u00fcr die Datenverarbeitung des Projektes sowie aller im Zusammenhang mit dem Projekt angebotenen Dienste als Webdienst oder als mobile App (zur besseren Lesbarkeit im Folgenden: Webseite), sofern jeweils auf diese Datenschutzinformation verwiesen wird. Verantwortlicher ist:<\/p>\n\n\n\n<h3 class=\"wp-block-heading\"><a>2 Name und Kontaktdaten des f\u00fcr die Verarbeitung Verantwortlichen sowie des betrieblichen Datenschutzbeauftragten<\/a><\/h3>\n\n\n\n<p>Fraunhofer-Gesellschaft<br>zur F\u00f6rderung der angewandten Forschung e.V.<\/p>\n\n\n\n<p>Hansastra\u00dfe 27 c<br>80686 M\u00fcnchen<\/p>\n\n\n\n<p>f\u00fcr ihr<br>Fraunhofer-Institut f\u00fcr Arbeitswirtschaft und Organisation IAO IAO<\/p>\n\n\n\n<p>Fraunhofer-Institut f\u00fcr Arbeitswirtschaft und Organisation IAO<br>Nobelstr. 12<br>70569 Stuttgart<\/p>\n\n\n\n<p>(im Folgenden&nbsp;<strong>Fraunhofer-IAO<\/strong>)<\/p>\n\n\n\n<p>E-Mail:<\/p>\n\n\n\n<p><a href=\"mailto:online@iao.fraunhofer.de\">online@iao.fraunhofer.de<\/a><\/p>\n\n\n\n<p>Telefon:&nbsp;<\/p>\n\n\n\n<p>+49 711 970-01<\/p>\n\n\n\n<p>Der Datenschutzbeauftragte von Fraunhofer ist unter der o.g. Anschrift in M\u00fcnchen, zu Hd. Datenschutzbeauftragter bzw. unter&nbsp;<a href=\"mailto:datenschutz@zv.fraunhofer.de\">datenschutz@zv.fraunhofer.de<\/a>&nbsp;erreichbar. Sie k\u00f6nnen sich jederzeit bei Fragen zum Datenschutzrecht oder Ihren Betroffenenrechten direkt an unseren Datenschutzbeauftragten wenden.<\/p>\n\n\n\n<h3 class=\"wp-block-heading\"><a>3 Verarbeitung personenbezogener Daten und Zwecke der Verarbeitung<\/a><\/h3>\n\n\n\n<h3 class=\"wp-block-heading\">Beim Besuch der Webseite<\/h3>\n\n\n\n<p>Sie k\u00f6nnen unsere Webseite aufrufen, ohne Angaben zu Ihrer Identit\u00e4t preisgeben zu m\u00fcssen. Der auf Ihrem Endger\u00e4t eingesetzte Browser sendet lediglich automatisch Informationen an den Server unserer Webseite (z.B. Browsertyp und -version, Datum und Uhrzeit des Zugriffs), um einen Verbindungsaufbau der Webseite zu erm\u00f6glichen. Hierzu geh\u00f6rt auch die IP-Adresse Ihres anfragenden Endger\u00e4tes. Diese wird tempor\u00e4r in einem sog. Logfile gespeichert und sp\u00e4testens nach 30 Tagen gel\u00f6scht.<\/p>\n\n\n\n<p>Die Verarbeitung der IP-Adresse erfolgt zu technischen und administrativen Zwecken des Verbindungsaufbaus und \u2013stabilit\u00e4t, um die Sicherheit und Funktionsf\u00e4higkeit unserer Webseite zu gew\u00e4hrleisten und etwaige rechtswidrige Angriffe hierauf notfalls verfolgen zu k\u00f6nnen.<\/p>\n\n\n\n<p>Die Rechtsgrundlage f\u00fcr die Verarbeitung der IP-Adresse ist Art. 6 Abs. 1 S. 1 lit. f DSGVO. Unser berechtigtes Interesse folgt aus dem erw\u00e4hnten Sicherheitsinteresse und der Erforderlichkeit einer st\u00f6rungsfreien Bereitstellung unserer Webseite.<\/p>\n\n\n\n<p>Aus der Verarbeitung der IP-Adresse und anderer Information in dem Logfile k\u00f6nnen wir keine unmittelbaren R\u00fcckschl\u00fcsse auf Ihre Identit\u00e4t ziehen.<\/p>\n\n\n\n<p>Dar\u00fcber hinaus setzen wir beim Besuch unserer Website Cookies sowie Analysedienste ein. N\u00e4here Erl\u00e4uterungen dazu erhalten Sie in dieser Datenschutzinformation weiter unten.<\/p>\n\n\n\n<h3 class=\"wp-block-heading\"><a>4 Weitergabe von Daten<\/a><\/h3>\n\n\n\n<p>Sofern wir personenbezogene Daten, die wir \u00fcber die Webseite erheben, an Auftragsverarbeiter weitergeben, informieren wir Sie dar\u00fcber in dieser Datenschutzinfomation bei dem jeweiligen Datenverarbeitungsvorgang unter Nennung des konkreten Empf\u00e4ngers.<\/p>\n\n\n\n<p>Im \u00dcbrigen geben wir Ihre personenbezogenen Daten nur weiter, wenn<\/p>\n\n\n\n<ul class=\"wp-block-list\">\n<li>Sie gem. Art. 6 Abs. 1 S. 1 lit. a DSGVO Ihre ausdr\u00fcckliche Einwilligung dazu erteilt haben;<\/li>\n\n\n\n<li>dies gem. Art. 6 Abs. 1 S. 1 lit. b DSGVO f\u00fcr die Erf\u00fcllung eines Vertrages mit Ihnen erforderlich ist (zum Beispiel bei Weitergabe an Versandunternehmen zum Zwecke der Lieferung der von Ihnen bestellten Ware oder bei Weitergabe von Zahlungsdaten an Zahlungsdienstleister oder Kreditinstitute, um einen Zahlungsvorgang durchzuf\u00fchren);<\/li>\n\n\n\n<li>f\u00fcr die Weitergabe nach Art. 6 Abs. 1 S. 1 lit. c DSGVO eine gesetzliche Verpflichtung besteht.<\/li>\n<\/ul>\n\n\n\n<p>Die weitergegebenen Daten d\u00fcrfen von den&nbsp;Empf\u00e4ngern ausschlie\u00dflich zu den genannten Zwecken verwendet werden.<\/p>\n\n\n\n<h3 class=\"wp-block-heading\"><a>5 Cookies<\/a><\/h3>\n\n\n\n<p><strong>Allgemeines<\/strong><\/p>\n\n\n\n<p>Wir setzen auf unserer Seite Cookies ein. Bei Cookies handelt es sich um kleine Dateien, die Ihr Browser automatisch erstellt und die auf Ihrem Endger\u00e4t (Laptop, Tablet, Smartphone o.\u00e4.) gespeichert werden, wenn Sie unsere Seite besuchen. Cookies richten auf Ihrem Endger\u00e4t keinen Schaden an, enthalten keine Viren, Trojaner oder sonstige Schadsoftware.<\/p>\n\n\n\n<p>In dem Cookie werden Informationen abgelegt, die sich jeweils im Zusammenhang mit dem spezifisch eingesetzten Endger\u00e4t ergeben. Dies bedeutet jedoch nicht, dass wir dadurch unmittelbar Kenntnis von Ihrer Identit\u00e4t erhalten.<\/p>\n\n\n\n<p>Cookies, die nicht unbedingt technisch notwendig sind, um einen von Ihnen ausdr\u00fccklichen gew\u00fcnschten Webdienst nutzen zu k\u00f6nnen, werden erst nach Ihrer Einwilligung gesetzt. Diese Einwilligung k\u00f6nnen Sie \u00fcber den beim Besuch der Website angezeigten Cookie-Banner erteilen. Sie ist dann Rechtsgrundlage f\u00fcr die Speicherung und den Zugriff auf die Inhalte der Cookies (\u00a7 15 Abs. 3 TMG i.V.m. Art. 5 Abs. 3 S. 1 RL 2002\/58\/EG).<\/p>\n\n\n\n<p><strong>Notwendige Cookies<\/strong><\/p>\n\n\n\n<p>Die Verarbeitung personenbezogener Daten im Rahmen technisch notwendiger Cookies beruht auf unserem berechtigten Interesse an der Erbringung unserer, von Ihnen ausdr\u00fccklich gew\u00fcnschten Webdienste (Art. 6 Abs. 1 S. 1 lit. f DSGVO ggf. i.V.m. Art. 95 DSGVO, Art. 5 Abs. 3 RL 2002\/58\/EG)<\/p>\n\n\n\n<p>So setzen wir z.B. sogenannte Session-Cookies ein, um eine Sitzungssteuerung zu erm\u00f6glichen oder um Formulareingaben oder Warenk\u00f6rbe w\u00e4hrend der Sitzung zu speichern. Session-Cookies werden sp\u00e4testens mit dem Schlie\u00dfen Ihres Webbrowsers gel\u00f6scht.<\/p>\n\n\n\n<p><strong>Widerrufsrecht<\/strong><\/p>\n\n\n\n<p>Sie haben jederzeit die M\u00f6glichkeit ihre Einwilligung f\u00fcr die Speicherung und den Zugriff auf die Inhalte der Cookies mit Wirkung f\u00fcr die Zukunft gem. Art. 7 Abs. 3 DSGVO zu widerrufen oder der Nutzung von nicht technisch notwendigen Cookies insgesamt oder teilweise zu widersprechen.<\/p>\n\n\n\n<p>Sofern Sie ihre Einwilligung widerrufen oder der Nutzung widersprechen, wird von uns ein Cookie gesetzt (Opt-Out-Cookie), das Ihre Entscheidung dokumentiert und es uns erm\u00f6glicht diese umzusetzen. Der Opt-Out-Cookie gilt nur in diesem Browser und nur f\u00fcr unsere Webseite und wird auf Ihrem Ger\u00e4t abgelegt. L\u00f6schen Sie die Cookies in diesem Browser, m\u00fcssen Sie das Opt-Out-Cookie erneut setzen.<\/p>\n\n\n\n<p>Die meisten Browser akzeptieren Cookies automatisch. Sie k\u00f6nnen Ihren Browser jedoch so konfigurieren, dass keine Cookies auf Ihrem Computer gespeichert werden oder stets ein Hinweis erscheint, bevor ein neues Cookie angelegt wird. Die vollst\u00e4ndige Deaktivierung von Cookies kann jedoch dazu f\u00fchren, dass Sie nicht alle Funktionen unserer Website nutzen k\u00f6nnen.<\/p>\n\n\n\n<p>Ihr Widerruf hat keine Auswirkungen auf die Rechtm\u00e4\u00dfigkeit der von uns vorgenommenen Verarbeitungst\u00e4tigkeiten, die auf unserem berechtigten Interesse (Art. 6 Abs. 1 S. 1 lit. f) DSGVO) beruhen.<\/p>\n\n\n\n<h3 class=\"wp-block-heading\"><a>6 YouTube<\/a><\/h3>\n\n\n\n<p>Wir binden Komponenten (Videos) des Videoportals YouTube des Unternehmens&nbsp;<em>Google Ireland Limited, Gordon House, Barrow Street, Dublin 4, Irland<\/em>&nbsp;&nbsp;(Im Folgenden: \u201eGoogle\u201c) auf unseren Internetseiten ein. Die Implementierung erfolgt aufgrund von Art. 6 Abs. 1 S. 1 lit. f DSGVO, wobei unser Interesse in der reibungslosen Integration der Videos und der damit ansprechenden Gestaltung unserer Webseite liegt.<\/p>\n\n\n\n<p>Teilweise werden Informationen an die Muttergesellschaft Google Inc. mit Sitz in den USA, an andere Google-Unternehmen und an externe Partner von Google \u00fcbermittelt, die sich jeweils au\u00dferhalb der Europ\u00e4ischen Union befinden k\u00f6nnen. Google verwendet daf\u00fcr von der Europ\u00e4ischen Kommission genehmigte Standardvertragsklauseln und verl\u00e4sst sich auf die von der Europ\u00e4ischen Kommission erlassenen Angemessenheitsbeschl\u00fcsse bez\u00fcglich bestimmter L\u00e4nder.<\/p>\n\n\n\n<p>Weitere Informationen zum Datenschutz im Zusammenhang mit YouTube finden Sie in den Datenschutzbestimmungen von Google unter&nbsp;<a href=\"https:\/\/policies.google.com\/privacy\">https:\/\/policies.google.com\/privacy\/<\/a>.<\/p>\n\n\n\n<h3 class=\"wp-block-heading\"><a>7 Betroffenenrechte<\/a><\/h3>\n\n\n\n<p>Sie haben das Recht:<\/p>\n\n\n\n<p>\u2022&nbsp;&nbsp; &nbsp;gem\u00e4\u00df Art. 7 Abs. 3 DSGVO Ihre einmal erteilte Einwilligung jederzeit gegen\u00fcber uns zu widerrufen. Dies hat zur Folge, dass wir die Datenverarbeitung, die auf dieser Einwilligung beruhte, f\u00fcr die Zukunft nicht mehr fortf\u00fchren d\u00fcrfen;<br>\u2022&nbsp;&nbsp; &nbsp;gem\u00e4\u00df Art. 15 DSGVO Auskunft \u00fcber Ihre von uns verarbeiteten personenbezogenen Daten zu verlangen. Insbesondere k\u00f6nnen Sie Auskunft \u00fcber die Verarbeitungszwecke, die Kategorie der personenbezogenen Daten, die Kategorien von Empf\u00e4ngern, gegen\u00fcber denen Ihre Daten offengelegt wurden oder werden, die geplante Speicherdauer, das Bestehen eines Rechts auf Berichtigung, L\u00f6schung, Einschr\u00e4nkung der Verarbeitung oder Widerspruch, das Bestehen eines Beschwerderechts, die Herkunft ihrer Daten, sofern diese nicht bei uns erhoben wurden, sowie \u00fcber das Bestehen einer automatisierten Entscheidungsfindung einschlie\u00dflich Profiling und ggf. aussagekr\u00e4ftigen Informationen zu deren Einzelheiten verlangen;<br>\u2022&nbsp;&nbsp; &nbsp;gem\u00e4\u00df Art. 16 DSGVO unverz\u00fcglich die Berichtigung unrichtiger oder Vervollst\u00e4ndigung Ihrer bei uns gespeicherten personenbezogenen Daten zu verlangen;<br>\u2022&nbsp;&nbsp; &nbsp;gem\u00e4\u00df Art. 17 DSGVO die L\u00f6schung Ihrer bei uns gespeicherten personenbezogenen Daten zu verlangen, soweit nicht die Verarbeitung zur Aus\u00fcbung des Rechts auf freie Meinungs\u00e4u\u00dferung und Information, zur Erf\u00fcllung einer rechtlichen Verpflichtung, aus Gr\u00fcnden des \u00f6ffentlichen Interesses oder zur Geltendmachung, Aus\u00fcbung oder Verteidigung von Rechtsanspr\u00fcchen erforderlich ist;<br>\u2022&nbsp;&nbsp; &nbsp;gem\u00e4\u00df Art. 18 DSGVO die Einschr\u00e4nkung der Verarbeitung Ihrer personenbezogenen Daten zu verlangen, soweit die Richtigkeit der Daten von Ihnen bestritten wird, die Verarbeitung unrechtm\u00e4\u00dfig ist, Sie aber deren L\u00f6schung ablehnen und wir die Daten nicht mehr ben\u00f6tigen, Sie jedoch diese zur Geltendmachung, Aus\u00fcbung oder Verteidigung von Rechtsanspr\u00fcchen ben\u00f6tigen oder Sie gem\u00e4\u00df Art. 21 DSGVO Widerspruch gegen die Verarbeitung eingelegt haben;<br>\u2022&nbsp;&nbsp; gem\u00e4\u00df Art. 20 DSGVO Ihre personenbezogenen Daten, die Sie uns bereitgestellt haben, in einem strukturierten, g\u00e4ngigen und maschinenlesebaren Format zu erhalten oder die \u00dcbermittlung an einen anderen Verantwortlichen zu verlangen und<br>\u2022&nbsp;&nbsp; &nbsp;gem\u00e4\u00df Art. 77 DSGVO sich bei einer Aufsichtsbeh\u00f6rde zu beschweren. In der Regel k\u00f6nnen Sie sich hierf\u00fcr an die Aufsichtsbeh\u00f6rde ihres \u00fcblichen Aufenthaltsortes oder Arbeitsplatzes oder unseres Vereinssitzes wenden.<\/p>\n\n\n\n<p><strong>Information \u00fcber Ihr Widerspruchsrecht nach Art. 21 DSGVO<\/strong><\/p>\n\n\n\n<p>Sie haben das Recht, aus Gr\u00fcnden, die sich aus Ihrer besonderen Situation ergeben, jederzeit gegen die Verarbeitung Sie betreffender personenbezogener Daten, die aufgrund von Artikel 6 Abs. 1 S. 1 lit. e DSGVO (Datenverarbeitung im \u00f6ffentlichen Interesse) und Artikel 6 Abs. 1 S. 1 lit. f DSGVO (Datenverarbeitung auf der Grundlage einer Interessenabw\u00e4gung) erfolgt, Widerspruch einzulegen; dies gilt auch f\u00fcr ein auf diese Bestimmung gest\u00fctztes Profiling von Artikel 4 Nr. 4 DSGVO.<\/p>\n\n\n\n<p>Legen Sie Widerspruch ein, werden wir Ihre personenbezogenen Daten nicht mehr verarbeiten, es sei denn, wir k\u00f6nnen zwingende schutzw\u00fcrdige Gr\u00fcnde f\u00fcr die Verarbeitung nachweisen, die Ihre Interessen, Rechte und Freiheiten \u00fcberwiegen, oder die Verarbeitung dient der Geltendmachung, Aus\u00fcbung oder Verteidigung von Rechtsanspr\u00fcchen.<\/p>\n\n\n\n<p>Sofern sich Ihr Widerspruch gegen eine Verarbeitung von Daten zum Zwecke der Direktwerbung richtet, so werden wir die Verarbeitung umgehend einstellen. In diesem Fall ist die Angabe einer besonderen Situation nicht erforderlich. Dies gilt auch f\u00fcr das Profiling, soweit es mit solcher Direktwerbung in Verbindung steht.<\/p>\n\n\n\n<p>M\u00f6chten Sie von Ihrem Widerspruchsrecht Gebrauch machen, gen\u00fcgt eine E-Mail an&nbsp;<a href=\"mailto:datenschutz@zv.fraunhofer.de\">datenschutzkoordination@zv.fraunhofer.de<\/a>.<\/p>\n\n\n\n<h3 class=\"wp-block-heading\"><a>8 Datensicherheit<\/a><\/h3>\n\n\n\n<p>Alle von Ihnen pers\u00f6nlich \u00fcbermittelten Daten werden mit dem allgemein \u00fcblichen und sicheren Standard TLS (Transport Layer Security) verschl\u00fcsselt \u00fcbertragen. TLS ist ein sicherer und erprobter Standard, der z.B. auch beim Onlinebanking Verwendung findet. Sie erkennen eine sichere TLS-Verbindung unter anderem an dem angeh\u00e4ngten s am http (also https:\/\/..) in der Adressleiste Ihres Browsers oder am Schloss-Symbol im unteren Bereich Ihres Browsers.<\/p>\n\n\n\n<p>Wir bedienen uns im \u00dcbrigen geeigneter technischer und organisatorischer Sicherheitsma\u00dfnahmen, um Ihre Daten gegen zuf\u00e4llige oder vors\u00e4tzliche Manipulationen, teilweisen oder vollst\u00e4ndigen Verlust, Zerst\u00f6rung oder gegen den unbefugten Zugriff Dritter zu sch\u00fctzen. Unsere Sicherheitsma\u00dfnahmen werden entsprechend der technologischen Entwicklung fortlaufend verbessert.<\/p>\n\n\n\n<h3 class=\"wp-block-heading\"><a>9 Aktualit\u00e4t und \u00c4nderung dieser Datenschutzinformation<\/a><\/h3>\n\n\n\n<p>Durch die Weiterentwicklung unserer Webseite und Angebote dar\u00fcber oder aufgrund ge\u00e4nderter gesetzlicher bzw. beh\u00f6rdlicher Vorgaben kann es notwendig werden, diese Datenschutzinformation zu \u00e4ndern. Die jeweils aktuelle Datenschutzinformation kann jederzeit auf unserer Webseite von Ihnen abgerufen und ausgedruckt werden.<\/p>\n","protected":false},"excerpt":{"rendered":"<p>Im Rahmen der Nutzung dieser Webseite werden personenbezogene Daten von Ihnen durch uns als den f\u00fcr die Datenverarbeitung Verantwortlichen verarbeitet und f\u00fcr die Dauer gespeichert, die zur Erf\u00fcllung der festgelegten Zwecke und gesetzlicher Verpflichtungen erforderlich ist. Im Folgenden informieren wir Sie dar\u00fcber, um welche Daten es sich dabei handelt, auf welche Weise sie verarbeitet werden [&hellip;]<\/p>\n","protected":false},"author":1,"featured_media":0,"parent":0,"menu_order":0,"comment_status":"closed","ping_status":"open","template":"","meta":{"site-sidebar-layout":"default","site-content-layout":"","ast-site-content-layout":"default","site-content-style":"default","site-sidebar-style":"default","ast-global-header-display":"","ast-banner-title-visibility":"","ast-main-header-display":"","ast-hfb-above-header-display":"","ast-hfb-below-header-display":"","ast-hfb-mobile-header-display":"","site-post-title":"","ast-breadcrumbs-content":"","ast-featured-img":"","footer-sml-layout":"","ast-disable-related-posts":"","theme-transparent-header-meta":"","adv-header-id-meta":"","stick-header-meta":"","header-above-stick-meta":"","header-main-stick-meta":"","header-below-stick-meta":"","astra-migrate-meta-layouts":"default","ast-page-background-enabled":"default","ast-page-background-meta":{"desktop":{"background-color":"var(--ast-global-color-4)","background-image":"","background-repeat":"repeat","background-position":"center center","background-size":"auto","background-attachment":"scroll","background-type":"","background-media":"","overlay-type":"","overlay-color":"","overlay-opacity":"","overlay-gradient":""},"tablet":{"background-color":"","background-image":"","background-repeat":"repeat","background-position":"center center","background-size":"auto","background-attachment":"scroll","background-type":"","background-media":"","overlay-type":"","overlay-color":"","overlay-opacity":"","overlay-gradient":""},"mobile":{"background-color":"","background-image":"","background-repeat":"repeat","background-position":"center center","background-size":"auto","background-attachment":"scroll","background-type":"","background-media":"","overlay-type":"","overlay-color":"","overlay-opacity":"","overlay-gradient":""}},"ast-content-background-meta":{"desktop":{"background-color":"var(--ast-global-color-5)","background-image":"","background-repeat":"repeat","background-position":"center center","background-size":"auto","background-attachment":"scroll","background-type":"","background-media":"","overlay-type":"","overlay-color":"","overlay-opacity":"","overlay-gradient":""},"tablet":{"background-color":"var(--ast-global-color-5)","background-image":"","background-repeat":"repeat","background-position":"center center","background-size":"auto","background-attachment":"scroll","background-type":"","background-media":"","overlay-type":"","overlay-color":"","overlay-opacity":"","overlay-gradient":""},"mobile":{"background-color":"var(--ast-global-color-5)","background-image":"","background-repeat":"repeat","background-position":"center center","background-size":"auto","background-attachment":"scroll","background-type":"","background-media":"","overlay-type":"","overlay-color":"","overlay-opacity":"","overlay-gradient":""}},"footnotes":""},"class_list":["post-3","page","type-page","status-publish","hentry"],"_links":{"self":[{"href":"https:\/\/www.mohafe.de\/index.php?rest_route=\/wp\/v2\/pages\/3","targetHints":{"allow":["GET"]}}],"collection":[{"href":"https:\/\/www.mohafe.de\/index.php?rest_route=\/wp\/v2\/pages"}],"about":[{"href":"https:\/\/www.mohafe.de\/index.php?rest_route=\/wp\/v2\/types\/page"}],"author":[{"embeddable":true,"href":"https:\/\/www.mohafe.de\/index.php?rest_route=\/wp\/v2\/users\/1"}],"replies":[{"embeddable":true,"href":"https:\/\/www.mohafe.de\/index.php?rest_route=%2Fwp%2Fv2%2Fcomments&post=3"}],"version-history":[{"count":4,"href":"https:\/\/www.mohafe.de\/index.php?rest_route=\/wp\/v2\/pages\/3\/revisions"}],"predecessor-version":[{"id":290,"href":"https:\/\/www.mohafe.de\/index.php?rest_route=\/wp\/v2\/pages\/3\/revisions\/290"}],"wp:attachment":[{"href":"https:\/\/www.mohafe.de\/index.php?rest_route=%2Fwp%2Fv2%2Fmedia&parent=3"}],"curies":[{"name":"wp","href":"https:\/\/api.w.org\/{rel}","templated":true}]}}