{"id":66,"date":"2024-02-05T13:14:52","date_gmt":"2024-02-05T12:14:52","guid":{"rendered":"https:\/\/websites.fraunhofer.de\/mohafe\/?page_id=66"},"modified":"2024-05-02T21:14:28","modified_gmt":"2024-05-02T19:14:28","slug":"unterseite-1","status":"publish","type":"page","link":"https:\/\/www.mohafe.de\/?page_id=66","title":{"rendered":"Projektinhalte"},"content":{"rendered":"\n<p>Der Fokus liegt im Projekt auf der Person, die das Fahrzeug zumindest zeitweise steuert. Da in den Automatisierungsleveln 3 und 4 die Fahrzeugsteuerung teilweise noch von der fahrenden Person \u00fcbernommen werden muss und nur phasenweise vollst\u00e4ndig autonom gefahren werden kann, ist eine freie Gestaltung des Arbeitsplatzes f\u00fcr diese Person nur bedingt m\u00f6glich.<\/p>\n\n\n\n<p>Betrachtet werden im Projekt vorrangig zwei Use Cases:<\/p>\n\n\n\n<ol class=\"wp-block-list\">\n<li>die Teilnahme an virtuellen Schulungen\/Trainings w\u00e4hrend des Fahrens bzw. aus dem Fahrzeug heraus ohne Einschr\u00e4nkung der Wissensvermittlung<\/li>\n\n\n\n<li>die Bearbeitung klassischer Office-T\u00e4tigkeiten, wie z.B. Dokumentationen in versch. Programmen, (Video-)Telefonate bei gleichzeitiger Sichtung bzw. Bearbeitung von Dokumenten, Emails lesen und schreiben<\/li>\n<\/ol>\n\n\n\n<p>Die Umsetzung der Konzepte erfolgt sowohl in Form eines physischen Mockups durch das Fraunhofer IAO als auch in Form eines virtuellen Zwillings im TWT-eigenen Autonomous Driving Simulation Tool TRONIS\u00ae (Unreal Engine). Dabei kommen zur Verbesserung der Benutzungserfahrung sowohl AR- als auch KI-Elemente zum Einsatz, um Kollaborationen mit anderen Personen erlebbar zu machen und automatisierten Anpassungen und Optimierungen der arbeitsbezogenen Oberfl\u00e4chen auf die Bed\u00fcrfnisse der Nutzenden zu erm\u00f6glichen.<\/p>\n\n\n\n<p>Die Projektergebnisse werden am Ende des Projektzeitraums mithilfe von Evaluationen \u00fcberpr\u00fcft und bewertet.<\/p>\n\n\n\n<h2 class=\"wp-block-heading has-medium-font-size\">Arbeitspakete<\/h2>\n\n\n\n<div style=\"height:24px\" aria-hidden=\"true\" class=\"wp-block-spacer\"><\/div>\n\n\n\n<figure class=\"wp-block-image aligncenter size-large is-resized\"><img loading=\"lazy\" decoding=\"async\" width=\"1024\" height=\"956\" src=\"https:\/\/www.mohafe.de\/wp-content\/uploads\/2024\/02\/APs_Bild-1024x956.png\" alt=\"\" class=\"wp-image-87\" style=\"width:597px;height:auto\" srcset=\"https:\/\/www.mohafe.de\/wp-content\/uploads\/2024\/02\/APs_Bild-1024x956.png 1024w, https:\/\/www.mohafe.de\/wp-content\/uploads\/2024\/02\/APs_Bild-300x280.png 300w, https:\/\/www.mohafe.de\/wp-content\/uploads\/2024\/02\/APs_Bild-768x717.png 768w, https:\/\/www.mohafe.de\/wp-content\/uploads\/2024\/02\/APs_Bild-1536x1434.png 1536w, https:\/\/www.mohafe.de\/wp-content\/uploads\/2024\/02\/APs_Bild.png 1934w\" sizes=\"auto, (max-width: 1024px) 100vw, 1024px\" \/><\/figure>\n\n\n\n<div class=\"wp-block-group alignfull has-ast-global-color-5-background-color has-background is-layout-constrained wp-container-core-group-is-layout-0f12451c wp-block-group-is-layout-constrained\" id=\"consortium\" style=\"margin-top:0;margin-bottom:0;padding-bottom:0px\">\n<div class=\"wp-block-columns are-vertically-aligned-top is-layout-flex wp-container-core-columns-is-layout-00723822 wp-block-columns-is-layout-flex\">\n<div class=\"wp-block-column is-vertically-aligned-top is-layout-flow wp-container-core-column-is-layout-6b73ce23 wp-block-column-is-layout-flow\">\n<figure class=\"wp-block-image aligncenter size-full is-resized\"><a href=\"https:\/\/www.iao.fraunhofer.de\/\"><img loading=\"lazy\" decoding=\"async\" width=\"265\" height=\"75\" src=\"https:\/\/www.mohafe.de\/wp-content\/uploads\/2023\/11\/logo_iao_75.png\" alt=\"\" class=\"wp-image-32\" style=\"width:237px;height:auto\"\/><\/a><\/figure>\n\n\n\n<h3 class=\"wp-block-heading has-text-align-center has-small-font-size\" style=\"margin-top:16px\"><a href=\"https:\/\/www.iao.fraunhofer.de\/\">Fraunhofer-Institut f\u00fcr Arbeitswirtschaft und Organisation IAO<\/a><\/h3>\n<\/div>\n\n\n\n<div class=\"wp-block-column is-vertically-aligned-top is-layout-flow wp-container-core-column-is-layout-6b73ce23 wp-block-column-is-layout-flow\">\n<figure class=\"wp-block-image aligncenter size-full is-resized\"><a href=\"https:\/\/twt-innovation.de\/\"><img loading=\"lazy\" decoding=\"async\" width=\"129\" height=\"75\" src=\"https:\/\/www.mohafe.de\/wp-content\/uploads\/2023\/11\/logo_twt_75.png\" alt=\"\" class=\"wp-image-33\" style=\"width:127px;height:auto\"\/><\/a><\/figure>\n\n\n\n<h3 class=\"wp-block-heading has-text-align-center has-small-font-size\" style=\"margin-top:16px\"><a href=\"https:\/\/twt-innovation.de\/\">TWT GmbH Science &amp; Innovation<\/a><\/h3>\n<\/div>\n\n\n\n<div class=\"wp-block-column is-vertically-aligned-top is-layout-flow wp-container-core-column-is-layout-6b73ce23 wp-block-column-is-layout-flow\">\n<figure class=\"wp-block-image aligncenter size-full is-resized\"><a href=\"https:\/\/wm.baden-wuerttemberg.de\/de\/startseite\/\"><img loading=\"lazy\" decoding=\"async\" width=\"289\" height=\"100\" src=\"https:\/\/www.mohafe.de\/wp-content\/uploads\/2023\/11\/logo_mwatbw_100.png\" alt=\"\" class=\"wp-image-45\" style=\"width:220px;height:auto\"\/><\/a><\/figure>\n\n\n\n<h3 class=\"wp-block-heading has-text-align-center has-small-font-size\" style=\"margin-top:16px\"><a href=\"https:\/\/wm.baden-wuerttemberg.de\/de\/startseite\/\">Ministeriums f\u00fcr Wirtschaft, Arbeit und Tourismus Baden W\u00fcrttemberg<\/a><\/h3>\n\n\n\n<p class=\"has-text-align-center has-small-font-size\">F\u00f6rderprogramm Invest BW<\/p>\n<\/div>\n<\/div>\n<\/div>\n","protected":false},"excerpt":{"rendered":"<p>Der Fokus liegt im Projekt auf der Person, die das Fahrzeug zumindest zeitweise steuert. Da in den Automatisierungsleveln 3 und 4 die Fahrzeugsteuerung teilweise noch von der fahrenden Person \u00fcbernommen werden muss und nur phasenweise vollst\u00e4ndig autonom gefahren werden kann, ist eine freie Gestaltung des Arbeitsplatzes f\u00fcr diese Person nur bedingt m\u00f6glich. Betrachtet werden im [&hellip;]<\/p>\n","protected":false},"author":1,"featured_media":0,"parent":0,"menu_order":0,"comment_status":"closed","ping_status":"closed","template":"","meta":{"site-sidebar-layout":"default","site-content-layout":"","ast-site-content-layout":"default","site-content-style":"default","site-sidebar-style":"default","ast-global-header-display":"","ast-banner-title-visibility":"","ast-main-header-display":"","ast-hfb-above-header-display":"","ast-hfb-below-header-display":"","ast-hfb-mobile-header-display":"","site-post-title":"","ast-breadcrumbs-content":"","ast-featured-img":"","footer-sml-layout":"","ast-disable-related-posts":"","theme-transparent-header-meta":"","adv-header-id-meta":"","stick-header-meta":"","header-above-stick-meta":"","header-main-stick-meta":"","header-below-stick-meta":"","astra-migrate-meta-layouts":"default","ast-page-background-enabled":"default","ast-page-background-meta":{"desktop":{"background-color":"var(--ast-global-color-4)","background-image":"","background-repeat":"repeat","background-position":"center center","background-size":"auto","background-attachment":"scroll","background-type":"","background-media":"","overlay-type":"","overlay-color":"","overlay-opacity":"","overlay-gradient":""},"tablet":{"background-color":"","background-image":"","background-repeat":"repeat","background-position":"center center","background-size":"auto","background-attachment":"scroll","background-type":"","background-media":"","overlay-type":"","overlay-color":"","overlay-opacity":"","overlay-gradient":""},"mobile":{"background-color":"","background-image":"","background-repeat":"repeat","background-position":"center center","background-size":"auto","background-attachment":"scroll","background-type":"","background-media":"","overlay-type":"","overlay-color":"","overlay-opacity":"","overlay-gradient":""}},"ast-content-background-meta":{"desktop":{"background-color":"var(--ast-global-color-5)","background-image":"","background-repeat":"repeat","background-position":"center center","background-size":"auto","background-attachment":"scroll","background-type":"","background-media":"","overlay-type":"","overlay-color":"","overlay-opacity":"","overlay-gradient":""},"tablet":{"background-color":"var(--ast-global-color-5)","background-image":"","background-repeat":"repeat","background-position":"center center","background-size":"auto","background-attachment":"scroll","background-type":"","background-media":"","overlay-type":"","overlay-color":"","overlay-opacity":"","overlay-gradient":""},"mobile":{"background-color":"var(--ast-global-color-5)","background-image":"","background-repeat":"repeat","background-position":"center center","background-size":"auto","background-attachment":"scroll","background-type":"","background-media":"","overlay-type":"","overlay-color":"","overlay-opacity":"","overlay-gradient":""}},"footnotes":""},"class_list":["post-66","page","type-page","status-publish","hentry"],"_links":{"self":[{"href":"https:\/\/www.mohafe.de\/index.php?rest_route=\/wp\/v2\/pages\/66","targetHints":{"allow":["GET"]}}],"collection":[{"href":"https:\/\/www.mohafe.de\/index.php?rest_route=\/wp\/v2\/pages"}],"about":[{"href":"https:\/\/www.mohafe.de\/index.php?rest_route=\/wp\/v2\/types\/page"}],"author":[{"embeddable":true,"href":"https:\/\/www.mohafe.de\/index.php?rest_route=\/wp\/v2\/users\/1"}],"replies":[{"embeddable":true,"href":"https:\/\/www.mohafe.de\/index.php?rest_route=%2Fwp%2Fv2%2Fcomments&post=66"}],"version-history":[{"count":15,"href":"https:\/\/www.mohafe.de\/index.php?rest_route=\/wp\/v2\/pages\/66\/revisions"}],"predecessor-version":[{"id":300,"href":"https:\/\/www.mohafe.de\/index.php?rest_route=\/wp\/v2\/pages\/66\/revisions\/300"}],"wp:attachment":[{"href":"https:\/\/www.mohafe.de\/index.php?rest_route=%2Fwp%2Fv2%2Fmedia&parent=66"}],"curies":[{"name":"wp","href":"https:\/\/api.w.org\/{rel}","templated":true}]}}