{"id":69,"date":"2024-02-05T13:14:55","date_gmt":"2024-02-05T12:14:55","guid":{"rendered":"https:\/\/websites.fraunhofer.de\/mohafe\/?page_id=69"},"modified":"2024-05-02T21:16:11","modified_gmt":"2024-05-02T19:16:11","slug":"unterseite-2","status":"publish","type":"page","link":"https:\/\/www.mohafe.de\/?page_id=69","title":{"rendered":"Projektziele"},"content":{"rendered":"\n<p><strong>Zu erreichende Projektziele<\/strong><\/p>\n\n\n\n<ul class=\"wp-block-list\">\n<li>Konzept zur mobilen Nutzung eines virtuellen Arbeitsplatzes unter Einbeziehung des Interieurs und der Interaktionsm\u00f6glichkeiten im mobilen Cockpit f\u00fcr das mobile Arbeiten im automatisierten Fahrzeug<\/li>\n\n\n\n<li>Adressierung des Bed\u00fcrfnisses an eine interaktive, intelligente, intuitive virtuelle Arbeitsumgebung, die Nutzeranforderungen vergleichbar denen eines station\u00e4ren Arbeitsplatzes erf\u00fcllt, sowohl hinsichtlich Usability als auch in der Verarbeitung von vertraulichen Informationen<\/li>\n\n\n\n<li>Prototyping eines Proof-of-Concepts und vermarktbaren Show-Cases<\/li>\n\n\n\n<li>Realisierung von physischen und virtuellen Prototypen<\/li>\n\n\n\n<li>Ber\u00fccksichtigung Sicherheits- bzw. Geheimhaltungs-relevanter Aspekte<\/li>\n<\/ul>\n\n\n\n<p>Bei der Konzeption und Umsetzung der Prototypen wird von den Projektpartnern Wert auf eine ganzheitliche Betrachtung unter Einbeziehung verschiedener Blickwinkel und Professionen gelegt.<\/p>\n\n\n\n<div style=\"height:14px\" aria-hidden=\"true\" class=\"wp-block-spacer\"><\/div>\n\n\n\n<figure class=\"wp-block-image aligncenter size-large is-resized\"><img loading=\"lazy\" decoding=\"async\" width=\"1024\" height=\"632\" src=\"https:\/\/www.mohafe.de\/wp-content\/uploads\/2024\/02\/Venn-Bild-1024x632.png\" alt=\"\" class=\"wp-image-90\" style=\"width:655px;height:auto\" srcset=\"https:\/\/www.mohafe.de\/wp-content\/uploads\/2024\/02\/Venn-Bild-1024x632.png 1024w, https:\/\/www.mohafe.de\/wp-content\/uploads\/2024\/02\/Venn-Bild-300x185.png 300w, https:\/\/www.mohafe.de\/wp-content\/uploads\/2024\/02\/Venn-Bild-768x474.png 768w, https:\/\/www.mohafe.de\/wp-content\/uploads\/2024\/02\/Venn-Bild-1536x949.png 1536w, https:\/\/www.mohafe.de\/wp-content\/uploads\/2024\/02\/Venn-Bild-2048x1265.png 2048w\" sizes=\"auto, (max-width: 1024px) 100vw, 1024px\" \/><\/figure>\n\n\n\n<div class=\"wp-block-group alignfull has-ast-global-color-5-background-color has-background is-layout-constrained wp-container-core-group-is-layout-0f12451c wp-block-group-is-layout-constrained\" id=\"consortium\" style=\"margin-top:0;margin-bottom:0;padding-bottom:0px\">\n<div class=\"wp-block-columns are-vertically-aligned-top is-layout-flex wp-container-core-columns-is-layout-00723822 wp-block-columns-is-layout-flex\">\n<div class=\"wp-block-column is-vertically-aligned-top is-layout-flow wp-container-core-column-is-layout-6b73ce23 wp-block-column-is-layout-flow\">\n<figure class=\"wp-block-image aligncenter size-full is-resized\"><a href=\"https:\/\/www.iao.fraunhofer.de\/\"><img loading=\"lazy\" decoding=\"async\" width=\"265\" height=\"75\" src=\"https:\/\/www.mohafe.de\/wp-content\/uploads\/2023\/11\/logo_iao_75.png\" alt=\"\" class=\"wp-image-32\" style=\"width:237px;height:auto\"\/><\/a><\/figure>\n\n\n\n<h3 class=\"wp-block-heading has-text-align-center has-small-font-size\" style=\"margin-top:16px\"><a href=\"https:\/\/www.iao.fraunhofer.de\/\">Fraunhofer-Institut f\u00fcr Arbeitswirtschaft und Organisation IAO<\/a><\/h3>\n<\/div>\n\n\n\n<div class=\"wp-block-column is-vertically-aligned-top is-layout-flow wp-container-core-column-is-layout-6b73ce23 wp-block-column-is-layout-flow\">\n<figure class=\"wp-block-image aligncenter size-full is-resized\"><a href=\"https:\/\/twt-innovation.de\/\"><img loading=\"lazy\" decoding=\"async\" width=\"129\" height=\"75\" src=\"https:\/\/www.mohafe.de\/wp-content\/uploads\/2023\/11\/logo_twt_75.png\" alt=\"\" class=\"wp-image-33\" style=\"width:127px;height:auto\"\/><\/a><\/figure>\n\n\n\n<h3 class=\"wp-block-heading has-text-align-center has-small-font-size\" style=\"margin-top:16px\"><a href=\"https:\/\/twt-innovation.de\/\">TWT GmbH Science &amp; Innovation<\/a><\/h3>\n<\/div>\n\n\n\n<div class=\"wp-block-column is-vertically-aligned-top is-layout-flow wp-container-core-column-is-layout-6b73ce23 wp-block-column-is-layout-flow\">\n<figure class=\"wp-block-image aligncenter size-full is-resized\"><a href=\"https:\/\/wm.baden-wuerttemberg.de\/de\/startseite\/\"><img loading=\"lazy\" decoding=\"async\" width=\"289\" height=\"100\" src=\"https:\/\/www.mohafe.de\/wp-content\/uploads\/2023\/11\/logo_mwatbw_100.png\" alt=\"\" class=\"wp-image-45\" style=\"width:220px;height:auto\"\/><\/a><\/figure>\n\n\n\n<h3 class=\"wp-block-heading has-text-align-center has-small-font-size\" style=\"margin-top:16px\"><a href=\"https:\/\/wm.baden-wuerttemberg.de\/de\/startseite\/\">Ministeriums f\u00fcr Wirtschaft, Arbeit und Tourismus Baden W\u00fcrttemberg<\/a><\/h3>\n\n\n\n<p class=\"has-text-align-center has-small-font-size\">F\u00f6rderprogramm Invest BW<\/p>\n<\/div>\n<\/div>\n<\/div>\n","protected":false},"excerpt":{"rendered":"<p>Zu erreichende Projektziele Bei der Konzeption und Umsetzung der Prototypen wird von den Projektpartnern Wert auf eine ganzheitliche Betrachtung unter Einbeziehung verschiedener Blickwinkel und Professionen gelegt. Fraunhofer-Institut f\u00fcr Arbeitswirtschaft und Organisation IAO TWT GmbH Science &amp; Innovation Ministeriums f\u00fcr Wirtschaft, Arbeit und Tourismus Baden W\u00fcrttemberg F\u00f6rderprogramm Invest BW<\/p>\n","protected":false},"author":1,"featured_media":0,"parent":0,"menu_order":0,"comment_status":"closed","ping_status":"closed","template":"","meta":{"site-sidebar-layout":"default","site-content-layout":"","ast-site-content-layout":"default","site-content-style":"default","site-sidebar-style":"default","ast-global-header-display":"","ast-banner-title-visibility":"","ast-main-header-display":"","ast-hfb-above-header-display":"","ast-hfb-below-header-display":"","ast-hfb-mobile-header-display":"","site-post-title":"","ast-breadcrumbs-content":"","ast-featured-img":"","footer-sml-layout":"","ast-disable-related-posts":"","theme-transparent-header-meta":"","adv-header-id-meta":"","stick-header-meta":"","header-above-stick-meta":"","header-main-stick-meta":"","header-below-stick-meta":"","astra-migrate-meta-layouts":"default","ast-page-background-enabled":"default","ast-page-background-meta":{"desktop":{"background-color":"var(--ast-global-color-4)","background-image":"","background-repeat":"repeat","background-position":"center center","background-size":"auto","background-attachment":"scroll","background-type":"","background-media":"","overlay-type":"","overlay-color":"","overlay-opacity":"","overlay-gradient":""},"tablet":{"background-color":"","background-image":"","background-repeat":"repeat","background-position":"center center","background-size":"auto","background-attachment":"scroll","background-type":"","background-media":"","overlay-type":"","overlay-color":"","overlay-opacity":"","overlay-gradient":""},"mobile":{"background-color":"","background-image":"","background-repeat":"repeat","background-position":"center center","background-size":"auto","background-attachment":"scroll","background-type":"","background-media":"","overlay-type":"","overlay-color":"","overlay-opacity":"","overlay-gradient":""}},"ast-content-background-meta":{"desktop":{"background-color":"var(--ast-global-color-5)","background-image":"","background-repeat":"repeat","background-position":"center center","background-size":"auto","background-attachment":"scroll","background-type":"","background-media":"","overlay-type":"","overlay-color":"","overlay-opacity":"","overlay-gradient":""},"tablet":{"background-color":"var(--ast-global-color-5)","background-image":"","background-repeat":"repeat","background-position":"center center","background-size":"auto","background-attachment":"scroll","background-type":"","background-media":"","overlay-type":"","overlay-color":"","overlay-opacity":"","overlay-gradient":""},"mobile":{"background-color":"var(--ast-global-color-5)","background-image":"","background-repeat":"repeat","background-position":"center center","background-size":"auto","background-attachment":"scroll","background-type":"","background-media":"","overlay-type":"","overlay-color":"","overlay-opacity":"","overlay-gradient":""}},"footnotes":""},"class_list":["post-69","page","type-page","status-publish","hentry"],"_links":{"self":[{"href":"https:\/\/www.mohafe.de\/index.php?rest_route=\/wp\/v2\/pages\/69","targetHints":{"allow":["GET"]}}],"collection":[{"href":"https:\/\/www.mohafe.de\/index.php?rest_route=\/wp\/v2\/pages"}],"about":[{"href":"https:\/\/www.mohafe.de\/index.php?rest_route=\/wp\/v2\/types\/page"}],"author":[{"embeddable":true,"href":"https:\/\/www.mohafe.de\/index.php?rest_route=\/wp\/v2\/users\/1"}],"replies":[{"embeddable":true,"href":"https:\/\/www.mohafe.de\/index.php?rest_route=%2Fwp%2Fv2%2Fcomments&post=69"}],"version-history":[{"count":8,"href":"https:\/\/www.mohafe.de\/index.php?rest_route=\/wp\/v2\/pages\/69\/revisions"}],"predecessor-version":[{"id":302,"href":"https:\/\/www.mohafe.de\/index.php?rest_route=\/wp\/v2\/pages\/69\/revisions\/302"}],"wp:attachment":[{"href":"https:\/\/www.mohafe.de\/index.php?rest_route=%2Fwp%2Fv2%2Fmedia&parent=69"}],"curies":[{"name":"wp","href":"https:\/\/api.w.org\/{rel}","templated":true}]}}