{"id":73,"date":"2024-02-05T13:14:59","date_gmt":"2024-02-05T12:14:59","guid":{"rendered":"https:\/\/websites.fraunhofer.de\/mohafe\/?page_id=73"},"modified":"2024-05-02T21:15:17","modified_gmt":"2024-05-02T19:15:17","slug":"unterseite-4","status":"publish","type":"page","link":"https:\/\/www.mohafe.de\/?page_id=73","title":{"rendered":"Projektpartner"},"content":{"rendered":"\n<p>Unter Konsortialf\u00fchrung der TWT wird das Projekt durch die TWT und das Fraunhofer IAO bearbeitet.<\/p>\n\n\n\n<div class=\"wp-block-columns are-vertically-aligned-top is-layout-flex wp-container-core-columns-is-layout-91f65d07 wp-block-columns-is-layout-flex\" style=\"padding-top:2.8rem;padding-bottom:2.8rem\">\n<div class=\"wp-block-column is-vertically-aligned-top is-layout-flow wp-container-core-column-is-layout-6b73ce23 wp-block-column-is-layout-flow\">\n<figure class=\"wp-block-image aligncenter size-full is-resized\"><a href=\"https:\/\/www.iao.fraunhofer.de\/\"><img loading=\"lazy\" decoding=\"async\" width=\"265\" height=\"75\" src=\"https:\/\/www.mohafe.de\/wp-content\/uploads\/2023\/11\/logo_iao_75.png\" alt=\"\" class=\"wp-image-32\" style=\"width:237px;height:auto\"\/><\/a><\/figure>\n\n\n\n<div style=\"height:8px\" aria-hidden=\"true\" class=\"wp-block-spacer\"><\/div>\n\n\n\n<h3 class=\"wp-block-heading has-text-align-center has-small-font-size\" style=\"margin-top:16px;font-style:normal;font-weight:300\">Fraunhofer-Institut f\u00fcr Arbeitswirtschaft und Organisation IAO<\/h3>\n<\/div>\n\n\n\n<div class=\"wp-block-column is-vertically-aligned-top is-layout-flow wp-container-core-column-is-layout-6b73ce23 wp-block-column-is-layout-flow\">\n<figure class=\"wp-block-image aligncenter size-full is-resized\"><a href=\"https:\/\/twt-innovation.de\/\"><img loading=\"lazy\" decoding=\"async\" width=\"129\" height=\"75\" src=\"https:\/\/www.mohafe.de\/wp-content\/uploads\/2023\/11\/logo_twt_75.png\" alt=\"\" class=\"wp-image-33\" style=\"width:127px;height:auto\"\/><\/a><\/figure>\n\n\n\n<div style=\"height:8px\" aria-hidden=\"true\" class=\"wp-block-spacer\"><\/div>\n\n\n\n<h3 class=\"wp-block-heading has-text-align-center has-small-font-size\" style=\"margin-top:16px;font-style:normal;font-weight:300\">TWT GmbH Science &amp; Innovation<\/h3>\n<\/div>\n<\/div>\n\n\n\n<p class=\"has-ast-global-color-2-color has-text-color has-link-color has-medium-font-size wp-elements-62b913ece22c7742d2b8b5e34649d134\" style=\"margin-top:var(--wp--preset--spacing--20);margin-bottom:var(--wp--preset--spacing--20);font-style:normal;font-weight:600\">F\u00f6rdergeber<\/p>\n\n\n\n<p>Das Projekt wird durch das Ministerium f\u00fcr Wirtschaft, Arbeit und Tourismus Baden-W\u00fcrttemberg gef\u00f6rdert.<\/p>\n\n\n\n<div class=\"wp-block-columns is-layout-flex wp-container-core-columns-is-layout-b854b9c7 wp-block-columns-is-layout-flex\" style=\"padding-top:var(--wp--preset--spacing--70);padding-bottom:var(--wp--preset--spacing--70)\">\n<div class=\"wp-block-column is-layout-flow wp-container-core-column-is-layout-2b9fb4a9 wp-block-column-is-layout-flow\" style=\"padding-top:var(--wp--preset--spacing--40);padding-bottom:var(--wp--preset--spacing--40)\">\n<figure class=\"wp-block-image aligncenter size-full is-resized\"><a href=\"https:\/\/wm.baden-wuerttemberg.de\/de\/startseite\/\"><img loading=\"lazy\" decoding=\"async\" width=\"289\" height=\"100\" src=\"https:\/\/www.mohafe.de\/wp-content\/uploads\/2023\/11\/logo_mwatbw_100.png\" alt=\"\" class=\"wp-image-45\" style=\"width:220px;height:auto\"\/><\/a><\/figure>\n\n\n\n<h3 class=\"wp-block-heading has-text-align-center has-small-font-size\" style=\"margin-top:16px\"><strong>Ministeriums f\u00fcr Wirtschaft, Arbeit und Tourismus Baden W\u00fcrttemberg<\/strong><\/h3>\n\n\n\n<p class=\"has-text-align-center has-small-font-size\">F\u00f6rderprogramm Invest BW<\/p>\n<\/div>\n<\/div>\n","protected":false},"excerpt":{"rendered":"<p>Unter Konsortialf\u00fchrung der TWT wird das Projekt durch die TWT und das Fraunhofer IAO bearbeitet. Fraunhofer-Institut f\u00fcr Arbeitswirtschaft und Organisation IAO TWT GmbH Science &amp; Innovation F\u00f6rdergeber Das Projekt wird durch das Ministerium f\u00fcr Wirtschaft, Arbeit und Tourismus Baden-W\u00fcrttemberg gef\u00f6rdert. Ministeriums f\u00fcr Wirtschaft, Arbeit und Tourismus Baden W\u00fcrttemberg F\u00f6rderprogramm Invest BW<\/p>\n","protected":false},"author":1,"featured_media":0,"parent":0,"menu_order":0,"comment_status":"closed","ping_status":"closed","template":"","meta":{"site-sidebar-layout":"default","site-content-layout":"","ast-site-content-layout":"default","site-content-style":"default","site-sidebar-style":"default","ast-global-header-display":"","ast-banner-title-visibility":"","ast-main-header-display":"","ast-hfb-above-header-display":"","ast-hfb-below-header-display":"","ast-hfb-mobile-header-display":"","site-post-title":"","ast-breadcrumbs-content":"","ast-featured-img":"","footer-sml-layout":"","ast-disable-related-posts":"","theme-transparent-header-meta":"","adv-header-id-meta":"","stick-header-meta":"","header-above-stick-meta":"","header-main-stick-meta":"","header-below-stick-meta":"","astra-migrate-meta-layouts":"default","ast-page-background-enabled":"default","ast-page-background-meta":{"desktop":{"background-color":"var(--ast-global-color-4)","background-image":"","background-repeat":"repeat","background-position":"center center","background-size":"auto","background-attachment":"scroll","background-type":"","background-media":"","overlay-type":"","overlay-color":"","overlay-opacity":"","overlay-gradient":""},"tablet":{"background-color":"","background-image":"","background-repeat":"repeat","background-position":"center center","background-size":"auto","background-attachment":"scroll","background-type":"","background-media":"","overlay-type":"","overlay-color":"","overlay-opacity":"","overlay-gradient":""},"mobile":{"background-color":"","background-image":"","background-repeat":"repeat","background-position":"center center","background-size":"auto","background-attachment":"scroll","background-type":"","background-media":"","overlay-type":"","overlay-color":"","overlay-opacity":"","overlay-gradient":""}},"ast-content-background-meta":{"desktop":{"background-color":"var(--ast-global-color-5)","background-image":"","background-repeat":"repeat","background-position":"center center","background-size":"auto","background-attachment":"scroll","background-type":"","background-media":"","overlay-type":"","overlay-color":"","overlay-opacity":"","overlay-gradient":""},"tablet":{"background-color":"var(--ast-global-color-5)","background-image":"","background-repeat":"repeat","background-position":"center center","background-size":"auto","background-attachment":"scroll","background-type":"","background-media":"","overlay-type":"","overlay-color":"","overlay-opacity":"","overlay-gradient":""},"mobile":{"background-color":"var(--ast-global-color-5)","background-image":"","background-repeat":"repeat","background-position":"center center","background-size":"auto","background-attachment":"scroll","background-type":"","background-media":"","overlay-type":"","overlay-color":"","overlay-opacity":"","overlay-gradient":""}},"footnotes":""},"class_list":["post-73","page","type-page","status-publish","hentry"],"_links":{"self":[{"href":"https:\/\/www.mohafe.de\/index.php?rest_route=\/wp\/v2\/pages\/73","targetHints":{"allow":["GET"]}}],"collection":[{"href":"https:\/\/www.mohafe.de\/index.php?rest_route=\/wp\/v2\/pages"}],"about":[{"href":"https:\/\/www.mohafe.de\/index.php?rest_route=\/wp\/v2\/types\/page"}],"author":[{"embeddable":true,"href":"https:\/\/www.mohafe.de\/index.php?rest_route=\/wp\/v2\/users\/1"}],"replies":[{"embeddable":true,"href":"https:\/\/www.mohafe.de\/index.php?rest_route=%2Fwp%2Fv2%2Fcomments&post=73"}],"version-history":[{"count":11,"href":"https:\/\/www.mohafe.de\/index.php?rest_route=\/wp\/v2\/pages\/73\/revisions"}],"predecessor-version":[{"id":301,"href":"https:\/\/www.mohafe.de\/index.php?rest_route=\/wp\/v2\/pages\/73\/revisions\/301"}],"wp:attachment":[{"href":"https:\/\/www.mohafe.de\/index.php?rest_route=%2Fwp%2Fv2%2Fmedia&parent=73"}],"curies":[{"name":"wp","href":"https:\/\/api.w.org\/{rel}","templated":true}]}}