{"id":9,"date":"2023-11-27T15:11:51","date_gmt":"2023-11-27T14:11:51","guid":{"rendered":"https:\/\/websites.fraunhofer.de\/mohafe\/?page_id=9"},"modified":"2024-05-02T21:11:10","modified_gmt":"2024-05-02T19:11:10","slug":"startseite","status":"publish","type":"page","link":"https:\/\/www.mohafe.de\/","title":{"rendered":"MoHAFe Webseite Startseite"},"content":{"rendered":"\n<div class=\"wp-block-cover alignfull\" style=\"border-style:none;border-width:0px;margin-top:0;margin-bottom:0;padding-top:0;padding-bottom:0;min-height:909px;aspect-ratio:unset;\"><span aria-hidden=\"true\" class=\"wp-block-cover__background has-background-dim-40 has-background-dim wp-block-cover__gradient-background has-background-gradient\" style=\"background:linear-gradient(163deg,rgb(1,1,1) 0%,rgb(123,125,143) 73%,rgb(176,180,196) 100%)\"><\/span><img loading=\"lazy\" decoding=\"async\" width=\"1940\" height=\"1100\" class=\"wp-block-cover__image-background wp-image-158\" alt=\"\" src=\"https:\/\/www.mohafe.de\/wp-content\/uploads\/2024\/02\/10-m-3.png\" style=\"object-position:32% 40%\" data-object-fit=\"cover\" data-object-position=\"32% 40%\" srcset=\"https:\/\/www.mohafe.de\/wp-content\/uploads\/2024\/02\/10-m-3.png 1940w, https:\/\/www.mohafe.de\/wp-content\/uploads\/2024\/02\/10-m-3-300x170.png 300w, https:\/\/www.mohafe.de\/wp-content\/uploads\/2024\/02\/10-m-3-1024x581.png 1024w, https:\/\/www.mohafe.de\/wp-content\/uploads\/2024\/02\/10-m-3-768x435.png 768w, https:\/\/www.mohafe.de\/wp-content\/uploads\/2024\/02\/10-m-3-1536x871.png 1536w\" sizes=\"auto, (max-width: 1940px) 100vw, 1940px\" \/><div class=\"wp-block-cover__inner-container is-layout-constrained wp-container-core-cover-is-layout-4897f5cc wp-block-cover-is-layout-constrained\">\n<div class=\"inherit-container-width wp-block-group alignwide is-layout-constrained wp-block-group-is-layout-constrained\">\n<div style=\"height:115px\" aria-hidden=\"true\" class=\"wp-block-spacer\"><\/div>\n\n\n\n<h1 class=\"wp-block-heading alignfull has-text-align-center has-ast-global-color-1-color has-text-color\" style=\"margin-top:var(--wp--preset--spacing--60);line-height:1.1\">Mobiles hybrides Arbeiten im automatisierten Fahrzeug<\/h1>\n\n\n\n<div class=\"wp-block-columns alignwide are-vertically-aligned-center is-layout-flex wp-container-core-columns-is-layout-d6fe5c7a wp-block-columns-is-layout-flex\" style=\"border-style:none;border-width:0px;border-radius:0px;margin-top:var(--wp--preset--spacing--80);margin-bottom:0\">\n<div class=\"wp-block-column is-vertically-aligned-center is-layout-flow wp-block-column-is-layout-flow\" style=\"padding-top:0\">\n<figure class=\"wp-block-image aligncenter size-full is-resized\"><a href=\"https:\/\/www.iao.fraunhofer.de\/\"><img loading=\"lazy\" decoding=\"async\" width=\"265\" height=\"75\" src=\"https:\/\/www.mohafe.de\/wp-content\/uploads\/2023\/11\/logo_iao_75.png\" alt=\"\" class=\"wp-image-32\" style=\"width:198px;height:auto\"\/><\/a><\/figure>\n<\/div>\n\n\n\n<div class=\"wp-block-column is-vertically-aligned-center is-layout-flow wp-block-column-is-layout-flow\" style=\"flex-basis:170px\">\n<figure class=\"wp-block-image aligncenter size-full is-resized\"><a href=\"https:\/\/twt-innovation.de\/\"><img loading=\"lazy\" decoding=\"async\" width=\"129\" height=\"75\" src=\"https:\/\/www.mohafe.de\/wp-content\/uploads\/2023\/11\/logo_twt_75.png\" alt=\"\" class=\"wp-image-33\" style=\"width:108px;height:auto\"\/><\/a><\/figure>\n<\/div>\n\n\n\n<div class=\"wp-block-column is-vertically-aligned-center is-layout-flow wp-block-column-is-layout-flow\">\n<figure class=\"wp-block-image aligncenter size-large is-resized\"><a href=\"https:\/\/wm.baden-wuerttemberg.de\/de\/startseite\/\"><img loading=\"lazy\" decoding=\"async\" width=\"1024\" height=\"355\" src=\"https:\/\/www.mohafe.de\/wp-content\/uploads\/2024\/02\/BW100_GR_4C_Ministerien_MWAT-1024x355.png\" alt=\"\" class=\"wp-image-98\" style=\"width:182px;height:auto\" srcset=\"https:\/\/www.mohafe.de\/wp-content\/uploads\/2024\/02\/BW100_GR_4C_Ministerien_MWAT-1024x355.png 1024w, https:\/\/www.mohafe.de\/wp-content\/uploads\/2024\/02\/BW100_GR_4C_Ministerien_MWAT-300x104.png 300w, https:\/\/www.mohafe.de\/wp-content\/uploads\/2024\/02\/BW100_GR_4C_Ministerien_MWAT-768x266.png 768w, https:\/\/www.mohafe.de\/wp-content\/uploads\/2024\/02\/BW100_GR_4C_Ministerien_MWAT-1536x532.png 1536w, https:\/\/www.mohafe.de\/wp-content\/uploads\/2024\/02\/BW100_GR_4C_Ministerien_MWAT.png 1660w\" sizes=\"auto, (max-width: 1024px) 100vw, 1024px\" \/><\/a><\/figure>\n<\/div>\n<\/div>\n<\/div>\n<\/div><\/div>\n\n\n\n<div class=\"wp-block-group is-layout-constrained wp-container-core-group-is-layout-8c49bb0c wp-block-group-is-layout-constrained\" style=\"margin-top:0;margin-bottom:0;padding-right:0;padding-left:0\">\n<p class=\"has-ast-global-color-2-color has-text-color has-link-color has-large-font-size wp-elements-be1aae081f8f25fb6fa6ff0ed1558393\" style=\"padding-right:var(--wp--preset--spacing--60);padding-left:var(--wp--preset--spacing--60)\"><strong>Projektbeschreibung<\/strong><\/p>\n\n\n\n<div style=\"height:24px\" aria-hidden=\"true\" class=\"wp-block-spacer\"><\/div>\n\n\n\n<p style=\"padding-top:0;padding-right:var(--wp--preset--spacing--60);padding-bottom:0;padding-left:var(--wp--preset--spacing--60)\">Im Forschungsprojekt MoHAFe wird das hybride Arbeiten im Pkw mit Automatisierungslevel 3 bis 4 erforscht und demonstriert. Diese Thematik wird durch die geplante neue EU-Verordnung, die automatisiertes Fahren bis zu 130 km\/h erlaubt, deutlich attraktiver und h\u00e4ufiger anwendbar. Technisch-organisatorisches Ziel ist es, den Pkw als interaktiven, kollaborativen Arbeitsplatz zu nutzen und sich dabei an die durch den Trend New Work bef\u00f6rderten Entwicklungen hin zur nachhaltigen mobilen Arbeit anzupassen.<\/p>\n\n\n\n<p style=\"padding-right:var(--wp--preset--spacing--60);padding-left:var(--wp--preset--spacing--60)\">Dabei werden M\u00f6glichkeiten der zukunftsorientierten Fahrzeuginnenraumgestaltung (teil-)autonomer Fahrzeuge im Sinne eines optionalen, vollwertigen Arbeitsplatzes erdacht, erprobt und virtuell sowie physisch erlebbar gemacht. Es wird ein Arbeitsplatz gestaltet, der sowohl in Bezug auf die Benutzerfreundlichkeit als auch bei der Verarbeitung vertraulicher Informationen den Anforderungen eines station\u00e4ren Arbeitsplatzes entspricht. Die erarbeiteten Konzepte sollen f\u00fcr eine m\u00f6glichst breite Personengruppe sowie verschiedene Nutzungsszenarien relevant sein. Durch die daraus resultierende Option, Arbeitst\u00e4tigkeiten auch w\u00e4hrend Dienst- und Pendelfahrten auszuf\u00fchren, ergeben sich flexiblere Gestaltungsm\u00f6glichkeiten der individuellen Arbeit sowie Arbeitszeit.<\/p>\n\n\n\n<p style=\"padding-right:var(--wp--preset--spacing--60);padding-left:var(--wp--preset--spacing--60)\">Das Projekt wird durch das Ministerium f\u00fcr Wirtschaft, Arbeit und Tourismus Baden-W\u00fcrttemberg gef\u00f6rdert.<\/p>\n\n\n\n<div style=\"height:17px\" aria-hidden=\"true\" class=\"wp-block-spacer\"><\/div>\n\n\n\n<p style=\"padding-right:var(--wp--preset--spacing--60);padding-left:var(--wp--preset--spacing--60)\"><strong>Projektlaufzeit<\/strong><\/p>\n\n\n\n<p style=\"padding-right:var(--wp--preset--spacing--60);padding-left:var(--wp--preset--spacing--60)\">01.03.2023 bis 28.02.2025<\/p>\n<\/div>\n\n\n\n<div class=\"wp-block-group alignfull has-ast-global-color-5-background-color has-background is-layout-flow wp-block-group-is-layout-flow\" id=\"info\" style=\"padding-top:0px;padding-right:var(--wp--preset--spacing--80);padding-bottom:63px;padding-left:var(--wp--preset--spacing--80)\"><\/div>\n\n\n\n<div class=\"wp-block-group alignfull has-ast-global-color-5-background-color has-background is-layout-constrained wp-container-core-group-is-layout-0f12451c wp-block-group-is-layout-constrained\" id=\"consortium\" style=\"margin-top:0;margin-bottom:0;padding-bottom:0px\">\n<div class=\"wp-block-columns are-vertically-aligned-top is-layout-flex wp-container-core-columns-is-layout-00723822 wp-block-columns-is-layout-flex\">\n<div class=\"wp-block-column is-vertically-aligned-top is-layout-flow wp-container-core-column-is-layout-6b73ce23 wp-block-column-is-layout-flow\">\n<figure class=\"wp-block-image aligncenter size-full is-resized\"><a href=\"https:\/\/www.iao.fraunhofer.de\/\"><img loading=\"lazy\" decoding=\"async\" width=\"265\" height=\"75\" src=\"https:\/\/www.mohafe.de\/wp-content\/uploads\/2023\/11\/logo_iao_75.png\" alt=\"\" class=\"wp-image-32\" style=\"width:237px;height:auto\"\/><\/a><\/figure>\n\n\n\n<h3 class=\"wp-block-heading has-text-align-center has-small-font-size\" style=\"margin-top:16px\"><a href=\"https:\/\/www.iao.fraunhofer.de\/\">Fraunhofer-Institut f\u00fcr Arbeitswirtschaft und Organisation IAO<\/a><\/h3>\n<\/div>\n\n\n\n<div class=\"wp-block-column is-vertically-aligned-top is-layout-flow wp-container-core-column-is-layout-6b73ce23 wp-block-column-is-layout-flow\">\n<figure class=\"wp-block-image aligncenter size-full is-resized\"><a href=\"https:\/\/twt-innovation.de\/\"><img loading=\"lazy\" decoding=\"async\" width=\"129\" height=\"75\" src=\"https:\/\/www.mohafe.de\/wp-content\/uploads\/2023\/11\/logo_twt_75.png\" alt=\"\" class=\"wp-image-33\" style=\"width:127px;height:auto\"\/><\/a><\/figure>\n\n\n\n<h3 class=\"wp-block-heading has-text-align-center has-small-font-size\" style=\"margin-top:16px\"><a href=\"https:\/\/twt-innovation.de\/\">TWT GmbH Science &amp; Innovation<\/a><\/h3>\n<\/div>\n\n\n\n<div class=\"wp-block-column is-vertically-aligned-top is-layout-flow wp-container-core-column-is-layout-6b73ce23 wp-block-column-is-layout-flow\">\n<figure class=\"wp-block-image aligncenter size-full is-resized\"><a href=\"https:\/\/wm.baden-wuerttemberg.de\/de\/startseite\/\"><img loading=\"lazy\" decoding=\"async\" width=\"289\" height=\"100\" src=\"https:\/\/www.mohafe.de\/wp-content\/uploads\/2023\/11\/logo_mwatbw_100.png\" alt=\"\" class=\"wp-image-45\" style=\"width:220px;height:auto\"\/><\/a><\/figure>\n\n\n\n<h3 class=\"wp-block-heading has-text-align-center has-small-font-size\" style=\"margin-top:16px\"><a href=\"https:\/\/wm.baden-wuerttemberg.de\/de\/startseite\/\">Ministeriums f\u00fcr Wirtschaft, Arbeit und Tourismus Baden W\u00fcrttemberg<\/a><\/h3>\n\n\n\n<p class=\"has-text-align-center has-small-font-size\">F\u00f6rderprogramm Invest BW<\/p>\n<\/div>\n<\/div>\n<\/div>\n\n\n\n<div class=\"wp-block-group alignfull has-background is-layout-constrained wp-container-core-group-is-layout-03f283ea wp-block-group-is-layout-constrained\" id=\"contact\" style=\"background:linear-gradient(35deg,rgb(133,133,133) 0%,rgb(62,63,71) 64%,rgb(64,66,74) 98%);margin-top:var(--wp--preset--spacing--70);padding-top:104px;padding-bottom:104px\">\n<h2 class=\"wp-block-heading has-text-align-center has-text-color has-large-font-size\" style=\"color:#ffffff\">Mobiles hybrides Arbeiten im automatisierten Fahrzeug<\/h2>\n<\/div>\n","protected":false},"excerpt":{"rendered":"<p>Projektbeschreibung Im Forschungsprojekt MoHAFe wird das hybride Arbeiten im Pkw mit Automatisierungslevel 3 bis 4 erforscht und demonstriert. Diese Thematik wird durch die geplante neue EU-Verordnung, die automatisiertes Fahren bis zu 130 km\/h erlaubt, deutlich attraktiver und h\u00e4ufiger anwendbar. Technisch-organisatorisches Ziel ist es, den Pkw als interaktiven, kollaborativen Arbeitsplatz zu nutzen und sich dabei an [&hellip;]<\/p>\n","protected":false},"author":1,"featured_media":0,"parent":0,"menu_order":0,"comment_status":"closed","ping_status":"closed","template":"","meta":{"site-sidebar-layout":"no-sidebar","site-content-layout":"plain-container","ast-site-content-layout":"default","site-content-style":"default","site-sidebar-style":"default","ast-global-header-display":"","ast-banner-title-visibility":"","ast-main-header-display":"","ast-hfb-above-header-display":"","ast-hfb-below-header-display":"","ast-hfb-mobile-header-display":"","site-post-title":"disabled","ast-breadcrumbs-content":"","ast-featured-img":"","footer-sml-layout":"","ast-disable-related-posts":"","theme-transparent-header-meta":"enabled","adv-header-id-meta":"","stick-header-meta":"","header-above-stick-meta":"","header-main-stick-meta":"","header-below-stick-meta":"","astra-migrate-meta-layouts":"default","ast-page-background-enabled":"default","ast-page-background-meta":{"desktop":{"background-color":"var(--ast-global-color-4)","background-image":"","background-repeat":"repeat","background-position":"center center","background-size":"auto","background-attachment":"scroll","background-type":"","background-media":"","overlay-type":"","overlay-color":"","overlay-opacity":"","overlay-gradient":""},"tablet":{"background-color":"","background-image":"","background-repeat":"repeat","background-position":"center center","background-size":"auto","background-attachment":"scroll","background-type":"","background-media":"","overlay-type":"","overlay-color":"","overlay-opacity":"","overlay-gradient":""},"mobile":{"background-color":"","background-image":"","background-repeat":"repeat","background-position":"center center","background-size":"auto","background-attachment":"scroll","background-type":"","background-media":"","overlay-type":"","overlay-color":"","overlay-opacity":"","overlay-gradient":""}},"ast-content-background-meta":{"desktop":{"background-color":"var(--ast-global-color-5)","background-image":"","background-repeat":"repeat","background-position":"center center","background-size":"auto","background-attachment":"scroll","background-type":"","background-media":"","overlay-type":"","overlay-color":"","overlay-opacity":"","overlay-gradient":""},"tablet":{"background-color":"var(--ast-global-color-5)","background-image":"","background-repeat":"repeat","background-position":"center center","background-size":"auto","background-attachment":"scroll","background-type":"","background-media":"","overlay-type":"","overlay-color":"","overlay-opacity":"","overlay-gradient":""},"mobile":{"background-color":"var(--ast-global-color-5)","background-image":"","background-repeat":"repeat","background-position":"center center","background-size":"auto","background-attachment":"scroll","background-type":"","background-media":"","overlay-type":"","overlay-color":"","overlay-opacity":"","overlay-gradient":""}},"footnotes":""},"class_list":["post-9","page","type-page","status-publish","hentry"],"_links":{"self":[{"href":"https:\/\/www.mohafe.de\/index.php?rest_route=\/wp\/v2\/pages\/9","targetHints":{"allow":["GET"]}}],"collection":[{"href":"https:\/\/www.mohafe.de\/index.php?rest_route=\/wp\/v2\/pages"}],"about":[{"href":"https:\/\/www.mohafe.de\/index.php?rest_route=\/wp\/v2\/types\/page"}],"author":[{"embeddable":true,"href":"https:\/\/www.mohafe.de\/index.php?rest_route=\/wp\/v2\/users\/1"}],"replies":[{"embeddable":true,"href":"https:\/\/www.mohafe.de\/index.php?rest_route=%2Fwp%2Fv2%2Fcomments&post=9"}],"version-history":[{"count":74,"href":"https:\/\/www.mohafe.de\/index.php?rest_route=\/wp\/v2\/pages\/9\/revisions"}],"predecessor-version":[{"id":297,"href":"https:\/\/www.mohafe.de\/index.php?rest_route=\/wp\/v2\/pages\/9\/revisions\/297"}],"wp:attachment":[{"href":"https:\/\/www.mohafe.de\/index.php?rest_route=%2Fwp%2Fv2%2Fmedia&parent=9"}],"curies":[{"name":"wp","href":"https:\/\/api.w.org\/{rel}","templated":true}]}}